{"id":866,"date":"2026-01-29T19:01:12","date_gmt":"2026-01-29T19:01:12","guid":{"rendered":"https:\/\/bpgassistant.com.mx\/?page_id=866"},"modified":"2026-03-27T16:06:53","modified_gmt":"2026-03-27T16:06:53","slug":"tours","status":"publish","type":"page","link":"https:\/\/bpgassistant.com.mx\/en\/tours\/","title":{"rendered":"Tours"},"content":{"rendered":"<div data-elementor-type=\"wp-page\" data-elementor-id=\"866\" class=\"elementor elementor-866\">\n\t\t\t\t<div class=\"elementor-element elementor-element-7ed6ffa7 e-flex e-con-boxed e-con e-parent\" data-id=\"7ed6ffa7\" data-element_type=\"container\">\n\t\t\t\t\t<div class=\"e-con-inner\">\n\t\t\t\t<div class=\"elementor-element elementor-element-574ed7e9 elementor-widget elementor-widget-heading\" data-id=\"574ed7e9\" data-element_type=\"widget\" data-widget_type=\"heading.default\">\n\t\t\t\t<div class=\"elementor-widget-container\">\n\t\t\t\t\t<h2 class=\"elementor-heading-title elementor-size-default\">Tours<\/h2>\t\t\t\t<\/div>\n\t\t\t\t<\/div>\n\t\t\t\t\t<\/div>\n\t\t\t\t<\/div>\n\t\t<div class=\"elementor-element elementor-element-6b13b075 e-flex e-con-boxed e-con e-parent\" data-id=\"6b13b075\" data-element_type=\"container\" data-settings=\"{&quot;background_background&quot;:&quot;classic&quot;}\">\n\t\t\t\t\t<div class=\"e-con-inner\">\n\t\t\t\t\t<\/div>\n\t\t\t\t<\/div>\n\t\t<div class=\"elementor-element elementor-element-65786ade e-flex e-con-boxed e-con e-parent\" data-id=\"65786ade\" data-element_type=\"container\">\n\t\t\t\t\t<div class=\"e-con-inner\">\n\t\t<div class=\"elementor-element elementor-element-6b8aa257 e-con-full e-flex e-con e-child\" data-id=\"6b8aa257\" data-element_type=\"container\">\n\t\t\t\t<div class=\"elementor-element elementor-element-6936d03f elementor-widget__width-initial elementor-widget-mobile__width-inherit elementor-widget elementor-widget-heading\" data-id=\"6936d03f\" data-element_type=\"widget\" data-widget_type=\"heading.default\">\n\t\t\t\t<div class=\"elementor-widget-container\">\n\t\t\t\t\t<h2 class=\"elementor-heading-title elementor-size-default\">Tours tailored to different tastes, ages and budgets.<\/h2>\t\t\t\t<\/div>\n\t\t\t\t<\/div>\n\t\t\t\t<div class=\"elementor-element elementor-element-527ded44 elementor-align-right elementor-widget elementor-widget-button\" data-id=\"527ded44\" data-element_type=\"widget\" data-widget_type=\"button.default\">\n\t\t\t\t<div class=\"elementor-widget-container\">\n\t\t\t\t\t\t\t\t\t<div class=\"elementor-button-wrapper\">\n\t\t\t\t\t<a class=\"elementor-button elementor-button-link elementor-size-sm\" href=\"https:\/\/bpgassistant.com.mx\/en\/contacto\/\">\n\t\t\t\t\t\t<span class=\"elementor-button-content-wrapper\">\n\t\t\t\t\t\t\t\t\t<span class=\"elementor-button-text\">Information<\/span>\n\t\t\t\t\t<\/span>\n\t\t\t\t\t<\/a>\n\t\t\t\t<\/div>\n\t\t\t\t\t\t\t\t<\/div>\n\t\t\t\t<\/div>\n\t\t\t\t<\/div>\n\t\t<div class=\"elementor-element elementor-element-1caf21e e-con-full e-flex e-con e-child\" data-id=\"1caf21e\" data-element_type=\"container\">\n\t\t<div class=\"elementor-element elementor-element-730d219 e-con-full e-flex e-con e-child\" data-id=\"730d219\" data-element_type=\"container\">\n\t\t\t\t<div class=\"elementor-element elementor-element-bab222a elementor-widget elementor-widget-image\" data-id=\"bab222a\" data-element_type=\"widget\" data-widget_type=\"image.default\">\n\t\t\t\t<div class=\"elementor-widget-container\">\n\t\t\t\t\t\t\t\t\t\t\t\t\t\t\t<img fetchpriority=\"high\" decoding=\"async\" width=\"1376\" height=\"768\" src=\"https:\/\/bpgassistant.com.mx\/wp-content\/uploads\/2026\/03\/Gemini_Generated_Image_311dzl311dzl311d.png\" class=\"attachment-full size-full wp-image-1272\" alt=\"\" srcset=\"https:\/\/bpgassistant.com.mx\/wp-content\/uploads\/2026\/03\/Gemini_Generated_Image_311dzl311dzl311d.png 1376w, https:\/\/bpgassistant.com.mx\/wp-content\/uploads\/2026\/03\/Gemini_Generated_Image_311dzl311dzl311d-300x167.png 300w, https:\/\/bpgassistant.com.mx\/wp-content\/uploads\/2026\/03\/Gemini_Generated_Image_311dzl311dzl311d-1024x572.png 1024w, https:\/\/bpgassistant.com.mx\/wp-content\/uploads\/2026\/03\/Gemini_Generated_Image_311dzl311dzl311d-768x429.png 768w\" sizes=\"(max-width: 1376px) 100vw, 1376px\" \/>\t\t\t\t\t\t\t\t\t\t\t\t\t\t\t<\/div>\n\t\t\t\t<\/div>\n\t\t\t\t<div class=\"elementor-element elementor-element-59a2413e elementor-widget elementor-widget-image-box\" data-id=\"59a2413e\" data-element_type=\"widget\" data-widget_type=\"image-box.default\">\n\t\t\t\t<div class=\"elementor-widget-container\">\n\t\t\t\t\t<div class=\"elementor-image-box-wrapper\"><div class=\"elementor-image-box-content\"><h3 class=\"elementor-image-box-title\">Cultural and Historical Tours<\/h3><p class=\"elementor-image-box-description\">Cultural and historical tours are designed for those who wish to learn about and understand the rich culture, traditions, and historical legacy of each destination. These experiences allow visitors to explore monuments, landmarks, and heritage sites, accompanied by expert guides who enrich the tour with stories, facts, and historical context.<br><\/p><\/div><\/div>\t\t\t\t<\/div>\n\t\t\t\t<\/div>\n\t\t\t\t<\/div>\n\t\t<div class=\"elementor-element elementor-element-559487bb e-con-full e-flex e-con e-child\" data-id=\"559487bb\" data-element_type=\"container\">\n\t\t\t\t<div class=\"elementor-element elementor-element-3ea6632e elementor-widget elementor-widget-image\" data-id=\"3ea6632e\" data-element_type=\"widget\" data-widget_type=\"image.default\">\n\t\t\t\t<div class=\"elementor-widget-container\">\n\t\t\t\t\t\t\t\t\t\t\t\t\t\t\t<img decoding=\"async\" width=\"1376\" height=\"768\" src=\"https:\/\/bpgassistant.com.mx\/wp-content\/uploads\/2026\/03\/Gemini_Generated_Image_xeq5lmxeq5lmxeq5.png\" class=\"attachment-full size-full wp-image-1273\" alt=\"\" srcset=\"https:\/\/bpgassistant.com.mx\/wp-content\/uploads\/2026\/03\/Gemini_Generated_Image_xeq5lmxeq5lmxeq5.png 1376w, https:\/\/bpgassistant.com.mx\/wp-content\/uploads\/2026\/03\/Gemini_Generated_Image_xeq5lmxeq5lmxeq5-300x167.png 300w, https:\/\/bpgassistant.com.mx\/wp-content\/uploads\/2026\/03\/Gemini_Generated_Image_xeq5lmxeq5lmxeq5-1024x572.png 1024w, https:\/\/bpgassistant.com.mx\/wp-content\/uploads\/2026\/03\/Gemini_Generated_Image_xeq5lmxeq5lmxeq5-768x429.png 768w\" sizes=\"(max-width: 1376px) 100vw, 1376px\" \/>\t\t\t\t\t\t\t\t\t\t\t\t\t\t\t<\/div>\n\t\t\t\t<\/div>\n\t\t\t\t<div class=\"elementor-element elementor-element-44f74797 elementor-widget elementor-widget-image-box\" data-id=\"44f74797\" data-element_type=\"widget\" data-widget_type=\"image-box.default\">\n\t\t\t\t<div class=\"elementor-widget-container\">\n\t\t\t\t\t<div class=\"elementor-image-box-wrapper\"><div class=\"elementor-image-box-content\"><h3 class=\"elementor-image-box-title\">Nature and Ecotourism Tours<\/h3><p class=\"elementor-image-box-description\">Nature and ecotourism tours are designed for those seeking to connect with the natural environment responsibly, enjoying unique landscapes, biodiversity and outdoor experiences, while promoting environmental conservation and respect for local communities.<br><br><br><\/p><\/div><\/div>\t\t\t\t<\/div>\n\t\t\t\t<\/div>\n\t\t\t\t<\/div>\n\t\t<div class=\"elementor-element elementor-element-35b3d08b e-con-full e-flex e-con e-child\" data-id=\"35b3d08b\" data-element_type=\"container\">\n\t\t\t\t<div class=\"elementor-element elementor-element-43ab7e08 elementor-widget elementor-widget-image\" data-id=\"43ab7e08\" data-element_type=\"widget\" data-widget_type=\"image.default\">\n\t\t\t\t<div class=\"elementor-widget-container\">\n\t\t\t\t\t\t\t\t\t\t\t\t\t\t\t<img decoding=\"async\" width=\"1376\" height=\"768\" src=\"https:\/\/bpgassistant.com.mx\/wp-content\/uploads\/2026\/03\/Gemini_Generated_Image_xa7i0mxa7i0mxa7i.png\" class=\"attachment-full size-full wp-image-1275\" alt=\"\" srcset=\"https:\/\/bpgassistant.com.mx\/wp-content\/uploads\/2026\/03\/Gemini_Generated_Image_xa7i0mxa7i0mxa7i.png 1376w, https:\/\/bpgassistant.com.mx\/wp-content\/uploads\/2026\/03\/Gemini_Generated_Image_xa7i0mxa7i0mxa7i-300x167.png 300w, https:\/\/bpgassistant.com.mx\/wp-content\/uploads\/2026\/03\/Gemini_Generated_Image_xa7i0mxa7i0mxa7i-1024x572.png 1024w, https:\/\/bpgassistant.com.mx\/wp-content\/uploads\/2026\/03\/Gemini_Generated_Image_xa7i0mxa7i0mxa7i-768x429.png 768w\" sizes=\"(max-width: 1376px) 100vw, 1376px\" \/>\t\t\t\t\t\t\t\t\t\t\t\t\t\t\t<\/div>\n\t\t\t\t<\/div>\n\t\t\t\t<div class=\"elementor-element elementor-element-15c63676 elementor-widget elementor-widget-image-box\" data-id=\"15c63676\" data-element_type=\"widget\" data-widget_type=\"image-box.default\">\n\t\t\t\t<div class=\"elementor-widget-container\">\n\t\t\t\t\t<div class=\"elementor-image-box-wrapper\"><div class=\"elementor-image-box-content\"><h3 class=\"elementor-image-box-title\">City and Panoramic Tours<\/h3><p class=\"elementor-image-box-description\">City and panoramic tours offer a comfortable and dynamic way to discover the main attractions of a city, combining tours of emblematic areas with panoramic views that allow you to appreciate its architecture, history and lifestyle.<br><br><br><\/p><\/div><\/div>\t\t\t\t<\/div>\n\t\t\t\t<\/div>\n\t\t\t\t<\/div>\n\t\t\t\t<\/div>\n\t\t\t\t\t<\/div>\n\t\t\t\t<\/div>\n\t\t<div class=\"elementor-element elementor-element-763123c3 e-flex e-con-boxed e-con e-parent\" data-id=\"763123c3\" data-element_type=\"container\" data-settings=\"{&quot;background_background&quot;:&quot;classic&quot;}\">\n\t\t\t\t\t<div class=\"e-con-inner\">\n\t\t\t\t<div class=\"elementor-element elementor-element-643f3bc5 elementor-widget elementor-widget-heading\" data-id=\"643f3bc5\" data-element_type=\"widget\" data-widget_type=\"heading.default\">\n\t\t\t\t<div class=\"elementor-widget-container\">\n\t\t\t\t\t<h2 class=\"elementor-heading-title elementor-size-default\">Satisfied Customers<\/h2>\t\t\t\t<\/div>\n\t\t\t\t<\/div>\n\t\t<div class=\"elementor-element elementor-element-6b9f3a13 e-flex e-con-boxed e-con e-child\" data-id=\"6b9f3a13\" data-element_type=\"container\">\n\t\t\t\t\t<div class=\"e-con-inner\">\n\t\t<div class=\"elementor-element elementor-element-727f0aac e-con-full e-flex e-con e-child\" data-id=\"727f0aac\" data-element_type=\"container\">\n\t\t\t\t<div class=\"elementor-element elementor-element-52dc5540 elementor-view-default elementor-widget elementor-widget-icon\" data-id=\"52dc5540\" data-element_type=\"widget\" data-widget_type=\"icon.default\">\n\t\t\t\t<div class=\"elementor-widget-container\">\n\t\t\t\t\t\t\t<div class=\"elementor-icon-wrapper\">\n\t\t\t<div class=\"elementor-icon\">\n\t\t\t<svg aria-hidden=\"true\" class=\"e-font-icon-svg e-fas-quote-left\" viewbox=\"0 0 512 512\" xmlns=\"http:\/\/www.w3.org\/2000\/svg\"><path d=\"M464 256h-80v-64c0-35.3 28.7-64 64-64h8c13.3 0 24-10.7 24-24V56c0-13.3-10.7-24-24-24h-8c-88.4 0-160 71.6-160 160v240c0 26.5 21.5 48 48 48h128c26.5 0 48-21.5 48-48V304c0-26.5-21.5-48-48-48zm-288 0H96v-64c0-35.3 28.7-64 64-64h8c13.3 0 24-10.7 24-24V56c0-13.3-10.7-24-24-24h-8C71.6 32 0 103.6 0 192v240c0 26.5 21.5 48 48 48h128c26.5 0 48-21.5 48-48V304c0-26.5-21.5-48-48-48z\"><\/path><\/svg>\t\t\t<\/div>\n\t\t<\/div>\n\t\t\t\t\t\t<\/div>\n\t\t\t\t<\/div>\n\t\t\t\t<div class=\"elementor-element elementor-element-383b80e8 elementor-widget elementor-widget-testimonial\" data-id=\"383b80e8\" data-element_type=\"widget\" data-widget_type=\"testimonial.default\">\n\t\t\t\t<div class=\"elementor-widget-container\">\n\t\t\t\t\t\t\t<div class=\"elementor-testimonial-wrapper\">\n\t\t\t\t\t\t\t<div class=\"elementor-testimonial-content\">\u201cThanks to their support, I was able to get a job abroad and have an incredible experience. They took care of everything: the recruitment process, the paperwork, and the travel arrangements. They were always available to answer my questions and make me feel secure every step of the way. I would definitely recommend them to anyone who wants to work and travel with professional support.\u201d<\/div>\n\t\t\t\n\t\t\t\t\t\t<div class=\"elementor-testimonial-meta elementor-has-image elementor-testimonial-image-position-aside\">\n\t\t\t\t<div class=\"elementor-testimonial-meta-inner\">\n\t\t\t\t\t\t\t\t\t\t\t<div class=\"elementor-testimonial-image\">\n\t\t\t\t\t\t\t<img loading=\"lazy\" decoding=\"async\" width=\"60\" height=\"60\" src=\"https:\/\/bpgassistant.com.mx\/wp-content\/uploads\/2024\/03\/testimonial-01.jpg\" class=\"attachment-full size-full wp-image-24\" alt=\"\" \/>\t\t\t\t\t\t<\/div>\n\t\t\t\t\t\n\t\t\t\t\t\t\t\t\t\t<div class=\"elementor-testimonial-details\">\n\t\t\t\t\t\t\t\t\t\t\t\t\t\t<div class=\"elementor-testimonial-name\">Jair Mej\u00eda<\/div>\n\t\t\t\t\t\t\t\t\t\t\t\t\t\t\t\t\t\t\t<\/div>\n\t\t\t\t\t\t\t\t\t<\/div>\n\t\t\t<\/div>\n\t\t\t\t\t<\/div>\n\t\t\t\t\t\t<\/div>\n\t\t\t\t<\/div>\n\t\t\t\t<\/div>\n\t\t<div class=\"elementor-element elementor-element-768b3c25 e-con-full e-flex e-con e-child\" data-id=\"768b3c25\" data-element_type=\"container\">\n\t\t\t\t<div class=\"elementor-element elementor-element-1fb072a2 elementor-view-default elementor-widget elementor-widget-icon\" data-id=\"1fb072a2\" data-element_type=\"widget\" data-widget_type=\"icon.default\">\n\t\t\t\t<div class=\"elementor-widget-container\">\n\t\t\t\t\t\t\t<div class=\"elementor-icon-wrapper\">\n\t\t\t<div class=\"elementor-icon\">\n\t\t\t<svg aria-hidden=\"true\" class=\"e-font-icon-svg e-fas-quote-left\" viewbox=\"0 0 512 512\" xmlns=\"http:\/\/www.w3.org\/2000\/svg\"><path d=\"M464 256h-80v-64c0-35.3 28.7-64 64-64h8c13.3 0 24-10.7 24-24V56c0-13.3-10.7-24-24-24h-8c-88.4 0-160 71.6-160 160v240c0 26.5 21.5 48 48 48h128c26.5 0 48-21.5 48-48V304c0-26.5-21.5-48-48-48zm-288 0H96v-64c0-35.3 28.7-64 64-64h8c13.3 0 24-10.7 24-24V56c0-13.3-10.7-24-24-24h-8C71.6 32 0 103.6 0 192v240c0 26.5 21.5 48 48 48h128c26.5 0 48-21.5 48-48V304c0-26.5-21.5-48-48-48z\"><\/path><\/svg>\t\t\t<\/div>\n\t\t<\/div>\n\t\t\t\t\t\t<\/div>\n\t\t\t\t<\/div>\n\t\t\t\t<div class=\"elementor-element elementor-element-685975c6 elementor-widget elementor-widget-testimonial\" data-id=\"685975c6\" data-element_type=\"widget\" data-widget_type=\"testimonial.default\">\n\t\t\t\t<div class=\"elementor-widget-container\">\n\t\t\t\t\t\t\t<div class=\"elementor-testimonial-wrapper\">\n\t\t\t\t\t\t\t<div class=\"elementor-testimonial-content\">\nFrom the first contact, I felt a lot of trust. They helped me find a job opportunity abroad and took care of the entire process, including the trip and paperwork. The support was constant and very professional. It was a truly life-changing experience.<\/div>\n\t\t\t\n\t\t\t\t\t\t<div class=\"elementor-testimonial-meta elementor-has-image elementor-testimonial-image-position-aside\">\n\t\t\t\t<div class=\"elementor-testimonial-meta-inner\">\n\t\t\t\t\t\t\t\t\t\t\t<div class=\"elementor-testimonial-image\">\n\t\t\t\t\t\t\t<img loading=\"lazy\" decoding=\"async\" width=\"60\" height=\"60\" src=\"https:\/\/bpgassistant.com.mx\/wp-content\/uploads\/2024\/03\/testimonial-02.jpg\" class=\"attachment-full size-full wp-image-25\" alt=\"\" \/>\t\t\t\t\t\t<\/div>\n\t\t\t\t\t\n\t\t\t\t\t\t\t\t\t\t<div class=\"elementor-testimonial-details\">\n\t\t\t\t\t\t\t\t\t\t\t\t\t\t<div class=\"elementor-testimonial-name\">Fania Palomares<\/div>\n\t\t\t\t\t\t\t\t\t\t\t\t\t\t\t\t\t\t\t<\/div>\n\t\t\t\t\t\t\t\t\t<\/div>\n\t\t\t<\/div>\n\t\t\t\t\t<\/div>\n\t\t\t\t\t\t<\/div>\n\t\t\t\t<\/div>\n\t\t\t\t<\/div>\n\t\t\t\t\t<\/div>\n\t\t\t\t<\/div>\n\t\t\t\t\t<\/div>\n\t\t\t\t<\/div>\n\t\t<div class=\"elementor-element elementor-element-5d2d63bd e-flex e-con-boxed e-con e-parent\" data-id=\"5d2d63bd\" data-element_type=\"container\" data-settings=\"{&quot;background_background&quot;:&quot;classic&quot;}\">\n\t\t\t\t\t<div class=\"e-con-inner\">\n\t\t\t\t<div class=\"elementor-element elementor-element-51970dc0 elementor-widget elementor-widget-heading\" data-id=\"51970dc0\" data-element_type=\"widget\" data-widget_type=\"heading.default\">\n\t\t\t\t<div class=\"elementor-widget-container\">\n\t\t\t\t\t<h2 class=\"elementor-heading-title elementor-size-default\">Live your dream! Live an unforgettable experience with BPG!<\/h2>\t\t\t\t<\/div>\n\t\t\t\t<\/div>\n\t\t\t\t\t<\/div>\n\t\t\t\t<\/div>\n\t\t\t\t<\/div>","protected":false},"excerpt":{"rendered":"<p>Tours Tours enfocados a diferentes gustos, edades y presupuestos: Informes Tours Culturales e Hist\u00f3ricos Los tours culturales e hist\u00f3ricos est\u00e1n [&hellip;]<\/p>\n","protected":false},"author":1,"featured_media":0,"parent":0,"menu_order":0,"comment_status":"closed","ping_status":"closed","template":"","meta":{"site-sidebar-layout":"no-sidebar","site-content-layout":"","ast-site-content-layout":"full-width-container","site-content-style":"default","site-sidebar-style":"default","ast-global-header-display":"","ast-banner-title-visibility":"","ast-main-header-display":"","ast-hfb-above-header-display":"","ast-hfb-below-header-display":"","ast-hfb-mobile-header-display":"","site-post-title":"disabled","ast-breadcrumbs-content":"","ast-featured-img":"disabled","footer-sml-layout":"","ast-disable-related-posts":"","theme-transparent-header-meta":"","adv-header-id-meta":"","stick-header-meta":"","header-above-stick-meta":"","header-main-stick-meta":"","header-below-stick-meta":"","astra-migrate-meta-layouts":"default","ast-page-background-enabled":"default","ast-page-background-meta":{"desktop":{"background-color":"var(--ast-global-color-4)","background-image":"","background-repeat":"repeat","background-position":"center center","background-size":"auto","background-attachment":"scroll","background-type":"","background-media":"","overlay-type":"","overlay-color":"","overlay-opacity":"","overlay-gradient":""},"tablet":{"background-color":"","background-image":"","background-repeat":"repeat","background-position":"center center","background-size":"auto","background-attachment":"scroll","background-type":"","background-media":"","overlay-type":"","overlay-color":"","overlay-opacity":"","overlay-gradient":""},"mobile":{"background-color":"","background-image":"","background-repeat":"repeat","background-position":"center center","background-size":"auto","background-attachment":"scroll","background-type":"","background-media":"","overlay-type":"","overlay-color":"","overlay-opacity":"","overlay-gradient":""}},"ast-content-background-meta":{"desktop":{"background-color":"var(--ast-global-color-5)","background-image":"","background-repeat":"repeat","background-position":"center center","background-size":"auto","background-attachment":"scroll","background-type":"","background-media":"","overlay-type":"","overlay-color":"","overlay-opacity":"","overlay-gradient":""},"tablet":{"background-color":"var(--ast-global-color-5)","background-image":"","background-repeat":"repeat","background-position":"center center","background-size":"auto","background-attachment":"scroll","background-type":"","background-media":"","overlay-type":"","overlay-color":"","overlay-opacity":"","overlay-gradient":""},"mobile":{"background-color":"var(--ast-global-color-5)","background-image":"","background-repeat":"repeat","background-position":"center center","background-size":"auto","background-attachment":"scroll","background-type":"","background-media":"","overlay-type":"","overlay-color":"","overlay-opacity":"","overlay-gradient":""}},"_joinchat":[],"footnotes":""},"class_list":["post-866","page","type-page","status-publish","hentry"],"_hostinger_reach_plugin_has_subscription_block":false,"_hostinger_reach_plugin_is_elementor":false,"_links":{"self":[{"href":"https:\/\/bpgassistant.com.mx\/en\/wp-json\/wp\/v2\/pages\/866","targetHints":{"allow":["GET"]}}],"collection":[{"href":"https:\/\/bpgassistant.com.mx\/en\/wp-json\/wp\/v2\/pages"}],"about":[{"href":"https:\/\/bpgassistant.com.mx\/en\/wp-json\/wp\/v2\/types\/page"}],"author":[{"embeddable":true,"href":"https:\/\/bpgassistant.com.mx\/en\/wp-json\/wp\/v2\/users\/1"}],"replies":[{"embeddable":true,"href":"https:\/\/bpgassistant.com.mx\/en\/wp-json\/wp\/v2\/comments?post=866"}],"version-history":[{"count":40,"href":"https:\/\/bpgassistant.com.mx\/en\/wp-json\/wp\/v2\/pages\/866\/revisions"}],"predecessor-version":[{"id":1311,"href":"https:\/\/bpgassistant.com.mx\/en\/wp-json\/wp\/v2\/pages\/866\/revisions\/1311"}],"wp:attachment":[{"href":"https:\/\/bpgassistant.com.mx\/en\/wp-json\/wp\/v2\/media?parent=866"}],"curies":[{"name":"wp","href":"https:\/\/api.w.org\/{rel}","templated":true}]}}